{"id":1318,"date":"2026-01-15T15:22:56","date_gmt":"2026-01-15T18:22:56","guid":{"rendered":"https:\/\/iffdbrasil.org\/?page_id=1318"},"modified":"2026-01-16T10:01:32","modified_gmt":"2026-01-16T13:01:32","slug":"boletim","status":"publish","type":"page","link":"https:\/\/iffdbrasil.org\/index.php\/boletim\/","title":{"rendered":"Boletim"},"content":{"rendered":"\n<figure class=\"wp-block-image size-full is-resized\"><img fetchpriority=\"high\" decoding=\"async\" width=\"1000\" height=\"837\" src=\"https:\/\/iffdbrasil.org\/wp-content\/uploads\/2026\/01\/boletim-iffd-1.png\" alt=\"\" class=\"wp-image-1327\" style=\"width:436px;height:auto\" srcset=\"https:\/\/iffdbrasil.org\/wp-content\/uploads\/2026\/01\/boletim-iffd-1.png 1000w, https:\/\/iffdbrasil.org\/wp-content\/uploads\/2026\/01\/boletim-iffd-1-300x251.png 300w, https:\/\/iffdbrasil.org\/wp-content\/uploads\/2026\/01\/boletim-iffd-1-768x643.png 768w\" sizes=\"(max-width: 706px) 89vw, (max-width: 767px) 82vw, 740px\" \/><\/figure>\n\n\n\n<p><strong>O IFFD convida a todos\/as a contribu\u00edrem para seu Boletim de an\u00e1lises fundamentadas nos princ\u00edpios das Finan\u00e7as Funcionais<\/strong>. O Boletim IFFD visa apresentar ao p\u00fablico an\u00e1lises dos principais temas da economia brasileira e mundial a partir da abordagem da MMT e de outras abordagens da teoria monet\u00e1ria e da macroeconomia heterodoxa, afins \u00e0s Finan\u00e7as Funcionais, com o objetivo de propor pol\u00edticas p\u00fablicas alternativas \u00e0s fracassadas pol\u00edticas de austeridade advogadas pela ideologia neoliberal ainda dominante.<\/p>\n\n\n\n<p>Em meio \u00e0s turbul\u00eancias na economia e na geopol\u00edtica, consideramos fundamental a contribui\u00e7\u00e3o que a MMT e as Finan\u00e7as Funcionais podem dar para enfrentar os decisivos desafios sociais, pol\u00edticos e ambientais enfrentados por todas as sociedades contempor\u00e2neas.<\/p>\n\n\n\n<p><strong>Aceitamos artigos de pesquisa de estudiosos de todas as disciplinas, preferencialmente com an\u00e1lise emp\u00edrica da economia brasileira<\/strong>, e outras contribui\u00e7\u00f5es relevantes sobre os seguintes t\u00f3picos e outros relacionados, que adotem perspectivas afins \u00e0s Finan\u00e7as Funcionais:<\/p>\n\n\n\n<p>\u25cf Rela\u00e7\u00f5es entre dinheiro e poder<\/p>\n\n\n\n<p>\u25cf O dinheiro como ferramenta p\u00fablica e democr\u00e1tica<\/p>\n\n\n\n<p>\u25cf Dinheiro, superimperialismo e neocolonialismo<\/p>\n\n\n\n<p>\u25cf Novas propostas de pol\u00edticas anti-inflacion\u00e1rias<\/p>\n\n\n\n<p>\u25cf A infla\u00e7\u00e3o como um conflito distributivo<\/p>\n\n\n\n<p>\u25cf Estabilidade e instabilidade financeira<\/p>\n\n\n\n<p>\u25cf Pol\u00edtica industrial e economia do desenvolvimento<\/p>\n\n\n\n<p>\u25cf Governan\u00e7a de \u00e1reas monet\u00e1rias comuns<\/p>\n\n\n\n<p>\u25cf Propostas de reforma das regras de pol\u00edtica fiscal<\/p>\n\n\n\n<p>\u25cf Pol\u00edticas para promover a transforma\u00e7\u00e3o socioecol\u00f3gica<\/p>\n\n\n\n<p>\u25cf Finalidade p\u00fablica e papel do governo na promo\u00e7\u00e3o da prosperidade compartilhada<\/p>\n\n\n\n<p>\u25cf Pol\u00edticas de Garantia de Emprego<\/p>\n\n\n\n<p>\u25cf Pol\u00edticas de seguridade social<\/p>\n\n\n\n<p>\u25cf Trabalho emp\u00edrico sobre os efeitos dos gastos governamentais<\/p>\n\n\n\n<p>\u25cf An\u00e1lises da rela\u00e7\u00e3o fiscal-monet\u00e1ria<\/p>\n\n\n\n<p>\u25cf Pol\u00edticas de Redu\u00e7\u00e3o das Desigualdades: econ\u00f4mica, g\u00eanero, etnia, regional etc<\/p>\n\n\n\n<p>\u25cf Direito e economia p\u00fablica<\/p>\n\n\n\n<p>\u25cf Geografia econ\u00f4mica e dinheiro<\/p>\n\n\n\n<p>Datas importantes e procedimento de submiss\u00e3o:<\/p>\n\n\n\n<p>Prazo final para submiss\u00e3o: <strong>30 de mar\u00e7o de 2026<\/strong>.<\/p>\n\n\n\n<p>Os artigos devem ter <strong>no m\u00e1ximo 3000 (tr\u00eas mil) palavras<\/strong>,<strong> incluindo as refer\u00eancias bibliogr\u00e1ficas<\/strong>.<br>Submiss\u00e3o: <a href=\"mailto:contato@iffd.org\" target=\"_blank\" rel=\"noreferrer noopener\">contato@iffd.org<\/a><\/p>\n\n\n\n<p><\/p>\n","protected":false},"excerpt":{"rendered":"<p>O IFFD convida a todos\/as a contribu\u00edrem para seu Boletim de an\u00e1lises fundamentadas nos princ\u00edpios das Finan\u00e7as Funcionais. O Boletim IFFD visa apresentar ao p\u00fablico an\u00e1lises dos principais temas da economia brasileira e mundial a partir da abordagem da MMT e de outras abordagens da teoria monet\u00e1ria e da macroeconomia heterodoxa, afins \u00e0s Finan\u00e7as Funcionais, &hellip; <\/p>\n<p class=\"link-more\"><a href=\"https:\/\/iffdbrasil.org\/index.php\/boletim\/\" class=\"more-link\">Continue lendo<span class=\"screen-reader-text\"> &#8220;Boletim&#8221;<\/span><\/a><\/p>\n","protected":false},"author":1,"featured_media":0,"parent":0,"menu_order":0,"comment_status":"closed","ping_status":"closed","template":"","meta":{"footnotes":""},"class_list":["post-1318","page","type-page","status-publish","hentry"],"_links":{"self":[{"href":"https:\/\/iffdbrasil.org\/index.php\/wp-json\/wp\/v2\/pages\/1318","targetHints":{"allow":["GET"]}}],"collection":[{"href":"https:\/\/iffdbrasil.org\/index.php\/wp-json\/wp\/v2\/pages"}],"about":[{"href":"https:\/\/iffdbrasil.org\/index.php\/wp-json\/wp\/v2\/types\/page"}],"author":[{"embeddable":true,"href":"https:\/\/iffdbrasil.org\/index.php\/wp-json\/wp\/v2\/users\/1"}],"replies":[{"embeddable":true,"href":"https:\/\/iffdbrasil.org\/index.php\/wp-json\/wp\/v2\/comments?post=1318"}],"version-history":[{"count":6,"href":"https:\/\/iffdbrasil.org\/index.php\/wp-json\/wp\/v2\/pages\/1318\/revisions"}],"predecessor-version":[{"id":1330,"href":"https:\/\/iffdbrasil.org\/index.php\/wp-json\/wp\/v2\/pages\/1318\/revisions\/1330"}],"wp:attachment":[{"href":"https:\/\/iffdbrasil.org\/index.php\/wp-json\/wp\/v2\/media?parent=1318"}],"curies":[{"name":"wp","href":"https:\/\/api.w.org\/{rel}","templated":true}]}}