{"id":352,"date":"2021-06-28T10:04:33","date_gmt":"2021-06-28T13:04:33","guid":{"rendered":"https:\/\/iffdorgbr.wpcomstaging.com\/?page_id=352"},"modified":"2023-02-23T09:05:03","modified_gmt":"2023-02-23T12:05:03","slug":"notas-tecnicas","status":"publish","type":"page","link":"https:\/\/iffdbrasil.org\/index.php\/notas-tecnicas\/","title":{"rendered":"Notas T\u00e9cnicas"},"content":{"rendered":"\n<div class=\"wp-block-query is-layout-flow wp-block-query-is-layout-flow\"><ul class=\"wp-block-post-template is-layout-flow wp-block-post-template-is-layout-flow\"><li class=\"wp-block-post post-1295 post type-post status-publish format-standard hentry category-destaque category-notas-tecnicas tag-meta-de-inflacao tag-politica-monetaria tag-taxa-de-juros\">\n<h4 class=\"wp-block-post-title\"><a href=\"https:\/\/iffdbrasil.org\/index.php\/2024\/11\/27\/policy-note-n-5-coordenacao-cmn-copom-e-planejamento-por-uma-meta-de-inflacao-funcional\/\" target=\"_blank\" >Policy Note n. 6 &#8211; Coordena\u00e7\u00e3o CMN, COPOM e Planejamento: Por uma meta de infla\u00e7\u00e3o funcional<\/a><\/h4>\n\n<div class=\"wp-block-post-date\"><time datetime=\"2024-11-27T17:31:04-03:00\">27 de novembro de 2024<\/time><\/div>\n<\/li><li class=\"wp-block-post post-1147 post type-post status-publish format-standard hentry category-destaque category-notas-tecnicas tag-financas-publicas tag-salario-minimo tag-sfc\">\n<h4 class=\"wp-block-post-title\"><a href=\"https:\/\/iffdbrasil.org\/index.php\/2023\/02\/22\/policy-note-n-5-o-impacto-de-mudancas-salariais-na-divida-publica-do-pais\/\" target=\"_blank\" >Policy Note n. 5 &#8211; O impacto de mudan\u00e7as salariais na d\u00edvida p\u00fablica do pa\u00eds<\/a><\/h4>\n\n<div class=\"wp-block-post-date\"><time datetime=\"2023-02-22T08:48:27-03:00\">22 de fevereiro de 2023<\/time><\/div>\n<\/li><li class=\"wp-block-post post-1098 post type-post status-publish format-standard hentry category-destaque category-notas-tecnicas tag-austeridade tag-complexo-economico-industrial-da-saude tag-licenca-compulsoria tag-regras-fiscais tag-teto-de-gastos\">\n<h4 class=\"wp-block-post-title\"><a href=\"https:\/\/iffdbrasil.org\/index.php\/2022\/07\/25\/policy-note-n-4-uso-de-limiares-de-custo-efetividade-nas-decisoes-em-saude-recomendacoes-da-comissao-nacional-de-incorporacao-de-tecnologias-no-sus\/\" target=\"_blank\" >Policy Note n. 4 &#8211; Uso de Limiares de Custo-Efetividade nas Decis\u00f5es em Sa\u00fade: recomenda\u00e7\u00f5es da Comiss\u00e3o Nacional de Incorpora\u00e7\u00e3o de Tecnologias no SUS<\/a><\/h4>\n\n<div class=\"wp-block-post-date\"><time datetime=\"2022-07-25T15:25:00-03:00\">25 de julho de 2022<\/time><\/div>\n<\/li><li class=\"wp-block-post post-682 post type-post status-publish format-standard hentry category-destaque category-notas-tecnicas tag-banco-central tag-emissao-de-moeda tag-financiamento-publico tag-governo-consolidado tag-tesouro-nacional\">\n<h4 class=\"wp-block-post-title\"><a href=\"https:\/\/iffdbrasil.org\/index.php\/2021\/10\/29\/policy-note-n-3-governo-sempre-cria-moeda-quando-gasta-nao-existe-financiamento-alternativo\/\" target=\"_blank\" >Policy Note n. 3 &#8211; Governo sempre cria moeda quando gasta, n\u00e3o existe financiamento alternativo<\/a><\/h4>\n\n<div class=\"wp-block-post-date\"><time datetime=\"2021-10-29T15:14:00-03:00\">29 de outubro de 2021<\/time><\/div>\n<\/li><li class=\"wp-block-post post-567 post type-post status-publish format-standard hentry category-destaque category-notas-tecnicas tag-autoridade-monetaria tag-efeitos-distributivos tag-inflacao tag-politica-economica tag-taxa-de-cambio tag-taxa-de-juros\">\n<h4 class=\"wp-block-post-title\"><a href=\"https:\/\/iffdbrasil.org\/index.php\/2021\/09\/23\/policy-note-n-2-a-exagerada-insustentavel-e-efemera-reducao-da-taxa-de-juros-no-brasil\/\" target=\"_blank\" >Policy Note n. 2 &#8211; A exagerada, insustent\u00e1vel e ef\u00eamera redu\u00e7\u00e3o da taxa de juros no Brasil<\/a><\/h4>\n\n<div class=\"wp-block-post-date\"><time datetime=\"2021-09-23T17:40:00-03:00\">23 de setembro de 2021<\/time><\/div>\n<\/li><li class=\"wp-block-post post-316 post type-post status-publish format-standard hentry category-destaque category-notas-tecnicas tag-ciclos-economicos tag-hyman-minsky tag-mercado-de-trabalho tag-programa-de-garantia-de-empregos\">\n<h4 class=\"wp-block-post-title\"><a href=\"https:\/\/iffdbrasil.org\/index.php\/2021\/06\/13\/policy-note-n-1-reflexoes-preliminares-sobre-um-programa-de-garantia-de-empregos-para-o-brasil\/\" target=\"_blank\" >Policy Note n. 1 &#8211; Reflex\u00f5es preliminares sobre um Programa de Garantia de Empregos para o Brasil<\/a><\/h4>\n\n<div class=\"wp-block-post-date\"><time datetime=\"2021-06-13T16:52:00-03:00\">13 de junho de 2021<\/time><\/div>\n<\/li><\/ul><\/div>\n\n\n\n<p><\/p>\n","protected":false},"excerpt":{"rendered":"","protected":false},"author":1,"featured_media":0,"parent":0,"menu_order":0,"comment_status":"closed","ping_status":"closed","template":"","meta":{"footnotes":""},"class_list":["post-352","page","type-page","status-publish","hentry"],"_links":{"self":[{"href":"https:\/\/iffdbrasil.org\/index.php\/wp-json\/wp\/v2\/pages\/352","targetHints":{"allow":["GET"]}}],"collection":[{"href":"https:\/\/iffdbrasil.org\/index.php\/wp-json\/wp\/v2\/pages"}],"about":[{"href":"https:\/\/iffdbrasil.org\/index.php\/wp-json\/wp\/v2\/types\/page"}],"author":[{"embeddable":true,"href":"https:\/\/iffdbrasil.org\/index.php\/wp-json\/wp\/v2\/users\/1"}],"replies":[{"embeddable":true,"href":"https:\/\/iffdbrasil.org\/index.php\/wp-json\/wp\/v2\/comments?post=352"}],"version-history":[{"count":13,"href":"https:\/\/iffdbrasil.org\/index.php\/wp-json\/wp\/v2\/pages\/352\/revisions"}],"predecessor-version":[{"id":1151,"href":"https:\/\/iffdbrasil.org\/index.php\/wp-json\/wp\/v2\/pages\/352\/revisions\/1151"}],"wp:attachment":[{"href":"https:\/\/iffdbrasil.org\/index.php\/wp-json\/wp\/v2\/media?parent=352"}],"curies":[{"name":"wp","href":"https:\/\/api.w.org\/{rel}","templated":true}]}}