{"id":544,"date":"2021-08-16T18:39:41","date_gmt":"2021-08-16T21:39:41","guid":{"rendered":"https:\/\/iffdorgbr.wpcomstaging.com\/?page_id=544"},"modified":"2022-03-24T13:50:15","modified_gmt":"2022-03-24T16:50:15","slug":"textos-para-discussao","status":"publish","type":"page","link":"https:\/\/iffdbrasil.org\/index.php\/textos-para-discussao\/","title":{"rendered":"Textos para Discuss\u00e3o"},"content":{"rendered":"\n<div class=\"wp-block-query is-layout-flow wp-block-query-is-layout-flow\"><ul class=\"wp-block-post-template is-layout-flow wp-block-post-template-is-layout-flow\"><li class=\"wp-block-post post-538 post type-post status-publish format-standard hentry category-destaque category-textos-para-discussao tag-banco-central tag-depositos-voluntarios-remunerados tag-financas-funcionais tag-politica-fiscal tag-politica-monetaria\">\n<h4 class=\"wp-block-post-title\"><a href=\"https:\/\/iffdbrasil.org\/index.php\/2021\/07\/20\/texto-para-discussao-n-1-consideracoes-funcionais-sobre-o-uso-de-depositos-voluntarios-remunerados-no-banco-central-como-instrumentos-de-politica-monetaria-uma-avaliacao-da-lei-14-185-de-2021\/\" target=\"_blank\" >Texto para discuss\u00e3o n.1 &#8211; Considera\u00e7\u00f5es funcionais sobre o uso de dep\u00f3sitos volunt\u00e1rios remunerados no Banco Central como instrumentos de pol\u00edtica monet\u00e1ria: uma avalia\u00e7\u00e3o da Lei 14.185, de 2021<\/a><\/h4>\n\n<div class=\"wp-block-post-date\"><time datetime=\"2021-07-20T18:23:00-03:00\">20 de julho de 2021<\/time><\/div>\n<\/li><\/ul><\/div>\n\n\n\n<p><\/p>\n","protected":false},"excerpt":{"rendered":"","protected":false},"author":1,"featured_media":0,"parent":0,"menu_order":0,"comment_status":"closed","ping_status":"closed","template":"","meta":{"footnotes":""},"class_list":["post-544","page","type-page","status-publish","hentry"],"_links":{"self":[{"href":"https:\/\/iffdbrasil.org\/index.php\/wp-json\/wp\/v2\/pages\/544","targetHints":{"allow":["GET"]}}],"collection":[{"href":"https:\/\/iffdbrasil.org\/index.php\/wp-json\/wp\/v2\/pages"}],"about":[{"href":"https:\/\/iffdbrasil.org\/index.php\/wp-json\/wp\/v2\/types\/page"}],"author":[{"embeddable":true,"href":"https:\/\/iffdbrasil.org\/index.php\/wp-json\/wp\/v2\/users\/1"}],"replies":[{"embeddable":true,"href":"https:\/\/iffdbrasil.org\/index.php\/wp-json\/wp\/v2\/comments?post=544"}],"version-history":[{"count":1,"href":"https:\/\/iffdbrasil.org\/index.php\/wp-json\/wp\/v2\/pages\/544\/revisions"}],"predecessor-version":[{"id":1058,"href":"https:\/\/iffdbrasil.org\/index.php\/wp-json\/wp\/v2\/pages\/544\/revisions\/1058"}],"wp:attachment":[{"href":"https:\/\/iffdbrasil.org\/index.php\/wp-json\/wp\/v2\/media?parent=544"}],"curies":[{"name":"wp","href":"https:\/\/api.w.org\/{rel}","templated":true}]}}