{"id":9,"date":"2021-03-13T18:22:31","date_gmt":"2021-03-13T21:22:31","guid":{"rendered":"https:\/\/iffdorgbr.wpcomstaging.com\/?page_id=9"},"modified":"2025-10-19T13:50:53","modified_gmt":"2025-10-19T16:50:53","slug":"quem-somos","status":"publish","type":"page","link":"https:\/\/iffdbrasil.org\/index.php\/quem-somos\/","title":{"rendered":"Presid\u00eancia e Diretoria"},"content":{"rendered":"\n<hr class=\"wp-block-separator has-text-color has-white-color has-css-opacity has-white-background-color has-background\"\/>\n\n\n\n<hr class=\"wp-block-separator has-text-color has-white-color has-css-opacity has-white-background-color has-background\"\/>\n\n\n\n<div class=\"wp-block-group alignwide\"><div class=\"wp-block-group__inner-container is-layout-flow wp-block-group-is-layout-flow\">\n<div class=\"wp-block-media-text alignwide is-stacked-on-mobile is-vertically-aligned-top\" style=\"grid-template-columns:21% auto\"><figure class=\"wp-block-media-text__media\"><img decoding=\"async\" width=\"150\" height=\"150\" src=\"https:\/\/iffdbrasil.org\/wp-content\/uploads\/2024\/06\/Foto_Fabiano_Dalto.png\" alt=\"\" class=\"wp-image-1213 size-full\" srcset=\"https:\/\/iffdbrasil.org\/wp-content\/uploads\/2024\/06\/Foto_Fabiano_Dalto.png 150w, https:\/\/iffdbrasil.org\/wp-content\/uploads\/2024\/06\/Foto_Fabiano_Dalto-100x100.png 100w\" sizes=\"(max-width: 150px) 100vw, 150px\" \/><\/figure><div class=\"wp-block-media-text__content\">\n<p>Fabiano Abranches S. Dalto<\/p>\n\n\n\n<p><strong><em><strong><em><strong><em><strong><em><strong><em>Presidente da Diretoria Executiva<\/em><\/strong><\/em><\/strong><\/em><\/strong><\/em><\/strong><\/em><\/strong><br>Professor do Departamento de Economia e do Programa de P\u00f3s-Gradua\u00e7\u00e3o em Pol\u00edticas P\u00fablicas da UFPR. Doutorado em Economia pela Universidade de Hertfordshire, Inglaterra e Mestrado em Desenvolvimento Econ\u00f4mico pela UFPR. Coautor do livro Teoria Monet\u00e1ria Moderna (2020) pela Editora Nova Civiliza\u00e7\u00e3o.<\/p>\n<\/div><\/div>\n\n\n\n<div class=\"wp-block-buttons is-content-justification-right is-layout-flex wp-container-core-buttons-is-layout-765c4724 wp-block-buttons-is-layout-flex\">\n<div class=\"wp-block-button\"><a class=\"wp-block-button__link has-background wp-element-button\" href=\"http:\/\/lattes.cnpq.br\/6044244950452571\" style=\"background-color:#02364f\" target=\"_blank\" rel=\"noreferrer noopener\">Curriculo Lattes<\/a><\/div>\n<\/div>\n\n\n\n<hr class=\"wp-block-separator has-css-opacity\"\/>\n\n\n\n<div class=\"wp-block-media-text alignwide is-stacked-on-mobile is-vertically-aligned-top\" style=\"grid-template-columns:21% auto\"><figure class=\"wp-block-media-text__media\"><img decoding=\"async\" width=\"150\" height=\"150\" src=\"https:\/\/iffdbrasil.org\/wp-content\/uploads\/2024\/06\/CaioVilella-foto.png\" alt=\"\" class=\"wp-image-1216 size-full\" srcset=\"https:\/\/iffdbrasil.org\/wp-content\/uploads\/2024\/06\/CaioVilella-foto.png 150w, https:\/\/iffdbrasil.org\/wp-content\/uploads\/2024\/06\/CaioVilella-foto-100x100.png 100w\" sizes=\"(max-width: 150px) 100vw, 150px\" \/><\/figure><div class=\"wp-block-media-text__content\">\n<p>Caio Vilella<\/p>\n\n\n\n<p><strong><em><strong><em><strong><em><strong><em><strong><em><em><strong>Vice Presidente<\/strong><\/em><\/em><\/strong><\/em><\/strong><\/em><\/strong><\/em><\/strong><\/em><\/strong><br>Professor de Economia da Universidade Cat\u00f3lica de Santos. Doutor em Economia pela UFRJ. Membro do Corpo Editorial da Brazilian Keynesian Review e pesquisador do Grupo de Economia Monet\u00e1ria da Produ\u00e7\u00e3o da Universidade Cat\u00f3lica de Santos e pesquisador associado ao Grupo de Economia do Setor P\u00fablico\u00a0da\u00a0UFRJ.<\/p>\n<\/div><\/div>\n\n\n\n<div class=\"wp-block-buttons is-content-justification-right is-layout-flex wp-container-core-buttons-is-layout-765c4724 wp-block-buttons-is-layout-flex\">\n<div class=\"wp-block-button\"><a class=\"wp-block-button__link has-background wp-element-button\" href=\"http:\/\/lattes.cnpq.br\/0935032480290814\" style=\"background-color:#02364f\" target=\"_blank\" rel=\"noreferrer noopener\">Curriculo Lattes<\/a><\/div>\n<\/div>\n\n\n\n<hr class=\"wp-block-separator has-css-opacity\"\/>\n\n\n\n<div class=\"wp-block-media-text alignwide is-stacked-on-mobile is-vertically-aligned-top\" style=\"grid-template-columns:21% auto\"><figure class=\"wp-block-media-text__media\"><img decoding=\"async\" width=\"150\" height=\"150\" src=\"https:\/\/iffdbrasil.org\/wp-content\/uploads\/2024\/06\/Foto_Simone_Deos.png\" alt=\"\" class=\"wp-image-1209 size-full\" srcset=\"https:\/\/iffdbrasil.org\/wp-content\/uploads\/2024\/06\/Foto_Simone_Deos.png 150w, https:\/\/iffdbrasil.org\/wp-content\/uploads\/2024\/06\/Foto_Simone_Deos-100x100.png 100w\" sizes=\"(max-width: 150px) 100vw, 150px\" \/><\/figure><div class=\"wp-block-media-text__content\">\n<p>Simone Silva de Deos<\/p>\n\n\n\n<p><strong><em>Presidente do Conselho T\u00e9cnico-Cient\u00edfico<\/em><\/strong><br>Professora Associada do Instituto de Economia Unicamp. Concentra suas pesquisas nos seguintes temas: teoria monet\u00e1ria moderna, cr\u00edtica ao neoliberalismo, sistemas financeiros, fragilidade e instabilidade (crises) financeiras, regula\u00e7\u00e3o dos sistemas banc\u00e1rios, bancos p\u00fablicos e financiamento do desenvolvimento.<\/p>\n<\/div><\/div>\n\n\n\n<div class=\"wp-block-buttons is-content-justification-right is-layout-flex wp-container-core-buttons-is-layout-765c4724 wp-block-buttons-is-layout-flex\">\n<div class=\"wp-block-button\"><a class=\"wp-block-button__link has-background wp-element-button\" href=\"http:\/\/lattes.cnpq.br\/2014231776693159\" style=\"background-color:#02364f\" target=\"_blank\" rel=\"noreferrer noopener\">Curriculo Lattes<\/a><\/div>\n<\/div>\n\n\n\n<hr class=\"wp-block-separator has-css-opacity\"\/>\n\n\n\n<div class=\"wp-block-media-text alignwide is-stacked-on-mobile is-vertically-aligned-top\" style=\"grid-template-columns:21% auto\"><figure class=\"wp-block-media-text__media\"><img loading=\"lazy\" decoding=\"async\" width=\"150\" height=\"150\" src=\"https:\/\/iffdbrasil.org\/wp-content\/uploads\/2024\/06\/glaucia_campregher.png\" alt=\"\" class=\"wp-image-1212 size-full\" srcset=\"https:\/\/iffdbrasil.org\/wp-content\/uploads\/2024\/06\/glaucia_campregher.png 150w, https:\/\/iffdbrasil.org\/wp-content\/uploads\/2024\/06\/glaucia_campregher-100x100.png 100w\" sizes=\"(max-width: 150px) 100vw, 150px\" \/><\/figure><div class=\"wp-block-media-text__content\">\n<p>Glaucia Campregher<\/p>\n\n\n\n<p><strong><em><strong><em><strong><em>Conselheira S\u00eanior<\/em><\/strong><\/em><\/strong><\/em><\/strong><br>Professora de Economia na UFBA, doutora pela Unicamp, atuou tamb\u00e9m no governo do RS gest\u00e3o Ol\u00edvio Dutra, linhas de pesquisa centrais &#8211; teoria marxista (fundamentalmente trabalho, valor e sociabilidade), desenvolvimento regional, e atualmente dinheiro e moedas.<\/p>\n<\/div><\/div>\n\n\n\n<div class=\"wp-block-buttons is-content-justification-right is-layout-flex wp-container-core-buttons-is-layout-765c4724 wp-block-buttons-is-layout-flex\">\n<div class=\"wp-block-button\"><a class=\"wp-block-button__link has-background wp-element-button\" href=\"http:\/\/lattes.cnpq.br\/8095410137448196\" style=\"background-color:#02364f\" target=\"_blank\" rel=\"noreferrer noopener\">Curriculo Lattes<\/a><\/div>\n<\/div>\n\n\n\n<div style=\"height:18px\" aria-hidden=\"true\" class=\"wp-block-spacer\"><\/div>\n\n\n\n<h5 class=\"wp-block-heading\">Diretoria executiva<\/h5>\n\n\n\n<div class=\"wp-block-media-text alignwide is-stacked-on-mobile is-vertically-aligned-top\" style=\"grid-template-columns:21% auto\"><figure class=\"wp-block-media-text__media\"><img loading=\"lazy\" decoding=\"async\" width=\"150\" height=\"150\" src=\"https:\/\/iffdbrasil.org\/wp-content\/uploads\/2024\/06\/Foto_Andre_Doneux.png\" alt=\"\" class=\"wp-image-1217 size-full\" srcset=\"https:\/\/iffdbrasil.org\/wp-content\/uploads\/2024\/06\/Foto_Andre_Doneux.png 150w, https:\/\/iffdbrasil.org\/wp-content\/uploads\/2024\/06\/Foto_Andre_Doneux-100x100.png 100w\" sizes=\"(max-width: 150px) 100vw, 150px\" \/><\/figure><div class=\"wp-block-media-text__content\">\n<p>Andr\u00e9 Luis Doneux Ferreira<\/p>\n\n\n\n<p><strong><em><strong><em><strong><em><strong><em><strong><em><strong><em>Diretor Financeiro<\/em><\/strong><\/em><\/strong><\/em><\/strong><\/em><\/strong><\/em><\/strong><\/em><\/strong><br>Doutor em Filosofia pela FFLCH e licenciado em Filosofia pela Faculdade de Educa\u00e7\u00e3o da Universidade de S\u00e3o Paulo. Realizou trabalhos t\u00e9cnicos na \u00e1rea da educa\u00e7\u00e3o. Tem se dedicado ao estudo de problemas dos campos da economia e da pol\u00edtica.<\/p>\n<\/div><\/div>\n\n\n\n<div class=\"wp-block-buttons is-content-justification-right is-layout-flex wp-container-core-buttons-is-layout-765c4724 wp-block-buttons-is-layout-flex\">\n<div class=\"wp-block-button\"><a class=\"wp-block-button__link has-background wp-element-button\" href=\"http:\/\/lattes.cnpq.br\/8458890197592421\" style=\"background-color:#02364f\" target=\"_blank\" rel=\"noreferrer noopener\">Curriculo Lattes<\/a><\/div>\n<\/div>\n\n\n\n<hr class=\"wp-block-separator has-css-opacity\"\/>\n\n\n\n<div class=\"wp-block-media-text alignwide is-stacked-on-mobile is-vertically-aligned-top\" style=\"grid-template-columns:21% auto\"><figure class=\"wp-block-media-text__media\"><img loading=\"lazy\" decoding=\"async\" width=\"263\" height=\"250\" src=\"https:\/\/iffdbrasil.org\/wp-content\/uploads\/2025\/10\/kaio-pimentel.png\" alt=\"\" class=\"wp-image-1304 size-full\"\/><\/figure><div class=\"wp-block-media-text__content\">\n<p>Kaio Sousa Mascarenhas Pimentel<\/p>\n\n\n\n<p><strong><em><strong><em><strong><em><strong><em><strong><em>Diretoria de Pesquisas<\/em><\/strong><\/em><\/strong><\/em><\/strong><\/em><\/strong><\/em><\/strong><br>Possui gradua\u00e7\u00e3o em Ci\u00eancias Econ\u00f4micas pela Universidade Estadual de Campinas (Unicamp), mestrado em Economia Pol\u00edtica Internacional pela Universidade Federal do Rio de Janeiro (UFRJ) (2013) e doutorado em Economia da Ind\u00fastria e da Tecnologia pela UFRJ (2018). Foi professor do IPPUR da UFRJ e desde mar\u00e7o de 2024 \u00e9 professor do Instituto de Economia da Unicamp.<\/p>\n<\/div><\/div>\n\n\n\n<div class=\"wp-block-buttons is-content-justification-right is-layout-flex wp-container-core-buttons-is-layout-765c4724 wp-block-buttons-is-layout-flex\">\n<div class=\"wp-block-button\"><a class=\"wp-block-button__link has-background wp-element-button\" href=\"http:\/\/lattes.cnpq.br\/0438327019015207\" style=\"background-color:#02364f\" target=\"_blank\" rel=\"noreferrer noopener\">Curriculo Lattes<\/a><\/div>\n<\/div>\n\n\n\n<hr class=\"wp-block-separator has-css-opacity\"\/>\n\n\n\n<div class=\"wp-block-media-text alignwide is-stacked-on-mobile is-vertically-aligned-top\" style=\"grid-template-columns:21% auto\"><figure class=\"wp-block-media-text__media\"><img loading=\"lazy\" decoding=\"async\" width=\"467\" height=\"467\" src=\"https:\/\/iffdbrasil.org\/wp-content\/uploads\/2025\/10\/rafael-pahim.jpg\" alt=\"\" class=\"wp-image-1308 size-full\" srcset=\"https:\/\/iffdbrasil.org\/wp-content\/uploads\/2025\/10\/rafael-pahim.jpg 467w, https:\/\/iffdbrasil.org\/wp-content\/uploads\/2025\/10\/rafael-pahim-300x300.jpg 300w, https:\/\/iffdbrasil.org\/wp-content\/uploads\/2025\/10\/rafael-pahim-150x150.jpg 150w, https:\/\/iffdbrasil.org\/wp-content\/uploads\/2025\/10\/rafael-pahim-100x100.jpg 100w\" sizes=\"(max-width: 467px) 100vw, 467px\" \/><\/figure><div class=\"wp-block-media-text__content\">\n<p>Rafael Caminha Pahim<\/p>\n\n\n\n<p><strong><em><strong><em><strong><em><strong><em><strong><em>Diretoria de Projetos<\/em><\/strong><\/em><\/strong><\/em><\/strong><\/em><\/strong><\/em><\/strong><br>Doutorando em Economia (UFRGS). Mestre em Economia do Desenvolvimento. Bacharel em Ci\u00eancias Econ\u00f4micas (UFRGS). Atualmente, a linha de pesquisa adotada \u00e9 das Finan\u00e7as Funcionais com \u00eanfase na abordagem da Modern Monetary Theory. Macroeconomia e Economia Monet\u00e1ria P\u00f3s-Keynesiana completando as linhas gerais de pesquisa.<\/p>\n<\/div><\/div>\n\n\n\n<div class=\"wp-block-buttons is-content-justification-right is-layout-flex wp-container-core-buttons-is-layout-765c4724 wp-block-buttons-is-layout-flex\">\n<div class=\"wp-block-button\"><a class=\"wp-block-button__link has-background wp-element-button\" href=\"http:\/\/lattes.cnpq.br\/2282777680704882\" style=\"background-color:#02364f\" target=\"_blank\" rel=\"noreferrer noopener\">Curriculo Lattes<\/a><\/div>\n<\/div>\n\n\n\n<hr class=\"wp-block-separator has-css-opacity\"\/>\n\n\n\n<div class=\"wp-block-media-text alignwide is-stacked-on-mobile is-vertically-aligned-top\" style=\"grid-template-columns:21% auto\"><figure class=\"wp-block-media-text__media\"><img loading=\"lazy\" decoding=\"async\" width=\"821\" height=\"801\" src=\"https:\/\/iffdbrasil.org\/wp-content\/uploads\/2025\/10\/michel-delespinasse.jpg\" alt=\"\" class=\"wp-image-1311 size-full\" srcset=\"https:\/\/iffdbrasil.org\/wp-content\/uploads\/2025\/10\/michel-delespinasse.jpg 821w, https:\/\/iffdbrasil.org\/wp-content\/uploads\/2025\/10\/michel-delespinasse-300x293.jpg 300w, https:\/\/iffdbrasil.org\/wp-content\/uploads\/2025\/10\/michel-delespinasse-768x749.jpg 768w\" sizes=\"(max-width: 706px) 89vw, (max-width: 767px) 82vw, 740px\" \/><\/figure><div class=\"wp-block-media-text__content\">\n<p>Michel Leon Fontoura Bini Delespinasse<\/p>\n\n\n\n<p><strong><em><strong><em><strong><em><strong><em><strong><em>Diretoria de Comunica\u00e7\u00e3o<\/em><\/strong><\/em><\/strong><\/em><\/strong><\/em><\/strong><\/em><\/strong><br>Formado em Ci\u00eancias Econ\u00f4micas pela UFPR e Tecnologia em Artes Gr\u00e1ficas pela UTFPR. Atua como PMO na \u00e1rea de tecnologia na Secretaria de Educa\u00e7\u00e3o do Estado do Paran\u00e1, com experi\u00eancia anterior em gerenciamento de projetos na Prefeitura de Blumenau. Possui ainda conhecimentos em an\u00e1lise de dados, or\u00e7amentos e controle de custos, al\u00e9m de uma trajet\u00f3ria de 10 anos em artes gr\u00e1ficas e coordena\u00e7\u00e3o de projetos de design.<\/p>\n<\/div><\/div>\n\n\n\n<div class=\"wp-block-buttons is-content-justification-right is-layout-flex wp-container-core-buttons-is-layout-765c4724 wp-block-buttons-is-layout-flex\">\n<div class=\"wp-block-button\"><a class=\"wp-block-button__link has-background wp-element-button\" href=\"https:\/\/www.linkedin.com\/in\/micheldelespinasse\/\" style=\"background-color:#02364f\" target=\"_blank\" rel=\"noreferrer noopener\">Linkedin<\/a><\/div>\n<\/div>\n\n\n\n<hr class=\"wp-block-separator has-css-opacity\"\/>\n\n\n\n<div class=\"wp-block-media-text alignwide is-stacked-on-mobile is-vertically-aligned-top\" style=\"grid-template-columns:21% auto\"><figure class=\"wp-block-media-text__media\"><img loading=\"lazy\" decoding=\"async\" width=\"150\" height=\"150\" src=\"https:\/\/iffdbrasil.org\/wp-content\/uploads\/2024\/06\/Foto_David_Deccache.png\" alt=\"\" class=\"wp-image-1215 size-full\" srcset=\"https:\/\/iffdbrasil.org\/wp-content\/uploads\/2024\/06\/Foto_David_Deccache.png 150w, https:\/\/iffdbrasil.org\/wp-content\/uploads\/2024\/06\/Foto_David_Deccache-100x100.png 100w\" sizes=\"(max-width: 150px) 100vw, 150px\" \/><\/figure><div class=\"wp-block-media-text__content\">\n<p>David Deccache<\/p>\n\n\n\n<p><strong><em><strong><em><strong><em><strong><em><strong><em>Diretoria de Parcerias e Colabora\u00e7\u00f5es Institucionais<\/em><\/strong><\/em><\/strong><\/em><\/strong><\/em><\/strong><\/em><\/strong><br>Doutorando em Economia (UnB) e Mestre em Economia (UFF). Atualmente \u00e9 professor volunt\u00e1rio do Departamento de Economia da Universidade de Bras\u00edlia (UnB) e Assessor Legislativo na \u00e1rea econ\u00f4mica na C\u00e2mara dos Deputados\/PSOL. \u00c9 coautor do livro &#8220;Teoria Monet\u00e1ria Moderna: a chave para uma economia a servi\u00e7o das pessoas&#8221;.<\/p>\n<\/div><\/div>\n\n\n\n<div class=\"wp-block-buttons is-content-justification-right is-layout-flex wp-container-core-buttons-is-layout-765c4724 wp-block-buttons-is-layout-flex\">\n<div class=\"wp-block-button\"><a class=\"wp-block-button__link has-background wp-element-button\" href=\"http:\/\/lattes.cnpq.br\/1649748275195631\" style=\"background-color:#02364f\" target=\"_blank\" rel=\"noreferrer noopener\">Curriculo Lattes<\/a><\/div>\n<\/div>\n<\/div><\/div>\n\n\n\n<hr class=\"wp-block-separator has-text-color has-white-color has-css-opacity has-white-background-color has-background is-style-wide\"\/>\n\n\n\n<p><\/p>\n\n\n\n<div class=\"wp-block-buttons is-layout-flex wp-block-buttons-is-layout-flex\"><\/div>\n\n\n\n<p><\/p>\n","protected":false},"excerpt":{"rendered":"<p>Fabiano Abranches S. Dalto Presidente da Diretoria ExecutivaProfessor do Departamento de Economia e do Programa de P\u00f3s-Gradua\u00e7\u00e3o em Pol\u00edticas P\u00fablicas da UFPR. Doutorado em Economia pela Universidade de Hertfordshire, Inglaterra e Mestrado em Desenvolvimento Econ\u00f4mico pela UFPR. Coautor do livro Teoria Monet\u00e1ria Moderna (2020) pela Editora Nova Civiliza\u00e7\u00e3o. Caio Vilella Vice PresidenteProfessor de Economia da &hellip; <\/p>\n<p class=\"link-more\"><a href=\"https:\/\/iffdbrasil.org\/index.php\/quem-somos\/\" class=\"more-link\">Continue lendo<span class=\"screen-reader-text\"> &#8220;Presid\u00eancia e Diretoria&#8221;<\/span><\/a><\/p>\n","protected":false},"author":1,"featured_media":0,"parent":0,"menu_order":0,"comment_status":"closed","ping_status":"closed","template":"","meta":{"footnotes":""},"class_list":["post-9","page","type-page","status-publish","hentry"],"_links":{"self":[{"href":"https:\/\/iffdbrasil.org\/index.php\/wp-json\/wp\/v2\/pages\/9","targetHints":{"allow":["GET"]}}],"collection":[{"href":"https:\/\/iffdbrasil.org\/index.php\/wp-json\/wp\/v2\/pages"}],"about":[{"href":"https:\/\/iffdbrasil.org\/index.php\/wp-json\/wp\/v2\/types\/page"}],"author":[{"embeddable":true,"href":"https:\/\/iffdbrasil.org\/index.php\/wp-json\/wp\/v2\/users\/1"}],"replies":[{"embeddable":true,"href":"https:\/\/iffdbrasil.org\/index.php\/wp-json\/wp\/v2\/comments?post=9"}],"version-history":[{"count":26,"href":"https:\/\/iffdbrasil.org\/index.php\/wp-json\/wp\/v2\/pages\/9\/revisions"}],"predecessor-version":[{"id":1316,"href":"https:\/\/iffdbrasil.org\/index.php\/wp-json\/wp\/v2\/pages\/9\/revisions\/1316"}],"wp:attachment":[{"href":"https:\/\/iffdbrasil.org\/index.php\/wp-json\/wp\/v2\/media?parent=9"}],"curies":[{"name":"wp","href":"https:\/\/api.w.org\/{rel}","templated":true}]}}